{"id":954,"date":"2026-02-24T15:53:39","date_gmt":"2026-02-24T21:53:39","guid":{"rendered":"https:\/\/viusuplementos.com\/?page_id=954"},"modified":"2026-02-24T16:36:59","modified_gmt":"2026-02-24T22:36:59","slug":"blog","status":"publish","type":"page","link":"https:\/\/viusuplementos.com\/en\/blog\/","title":{"rendered":"Blog"},"content":{"rendered":"<div data-elementor-type=\"wp-page\" data-elementor-id=\"954\" class=\"elementor elementor-954\" data-elementor-post-type=\"page\">\n\t\t\t\t<div class=\"elementor-element elementor-element-5c8cbcf e-con-full e-flex e-con e-parent\" data-id=\"5c8cbcf\" data-element_type=\"container\" data-e-type=\"container\">\n\t\t<div class=\"elementor-element elementor-element-d2d9d99 e-con-full e-flex e-con e-child\" data-id=\"d2d9d99\" data-element_type=\"container\" data-e-type=\"container\">\n\t\t\t\t<div class=\"elementor-element elementor-element-1f90746 elementor-invisible elementor-widget elementor-widget-heading\" data-id=\"1f90746\" data-element_type=\"widget\" data-e-type=\"widget\" data-settings=\"{&quot;_animation&quot;:&quot;fadeInRight&quot;}\" data-widget_type=\"heading.default\">\n\t\t\t\t\t<h1 class=\"elementor-heading-title elementor-size-default\">Blog VIU Supplements: Science at your fingertips<\/h1>\t\t\t\t<\/div>\n\t\t\t\t<div class=\"elementor-element elementor-element-ab5c9a5 elementor-invisible elementor-widget elementor-widget-text-editor\" data-id=\"ab5c9a5\" data-element_type=\"widget\" data-e-type=\"widget\" data-settings=\"{&quot;_animation&quot;:&quot;fadeInRight&quot;,&quot;_animation_delay&quot;:300}\" data-widget_type=\"text-editor.default\">\n\t\t\t\t\t\t\t\t\t<p>Each article in this blog is reviewed to ensure that the information on VIU Supplements is accurate, current, and, above all, useful for your health goals.<\/p>\t\t\t\t\t\t\t\t<\/div>\n\t\t\t\t<\/div>\n\t\t<div class=\"elementor-element elementor-element-367ce58 e-con-full e-flex e-con e-child\" data-id=\"367ce58\" data-element_type=\"container\" data-e-type=\"container\" data-settings=\"{&quot;background_background&quot;:&quot;classic&quot;}\">\n\t\t\t\t<\/div>\n\t\t\t\t<\/div>\n\t\t<div class=\"elementor-element elementor-element-ed00b8c e-flex e-con-boxed e-con e-parent\" data-id=\"ed00b8c\" data-element_type=\"container\" data-e-type=\"container\">\n\t\t\t\t\t<div class=\"e-con-inner\">\n\t\t\t\t<div class=\"elementor-element elementor-element-f80abd7 elementor-grid-3 elementor-grid-tablet-2 elementor-grid-mobile-1 elementor-posts--thumbnail-top elementor-card-shadow-yes elementor-posts__hover-gradient load-more-align-center elementor-widget elementor-widget-posts\" data-id=\"f80abd7\" data-element_type=\"widget\" data-e-type=\"widget\" data-settings=\"{&quot;pagination_type&quot;:&quot;load_more_on_click&quot;,&quot;cards_columns&quot;:&quot;3&quot;,&quot;cards_columns_tablet&quot;:&quot;2&quot;,&quot;cards_columns_mobile&quot;:&quot;1&quot;,&quot;cards_row_gap&quot;:{&quot;unit&quot;:&quot;px&quot;,&quot;size&quot;:35,&quot;sizes&quot;:[]},&quot;cards_row_gap_tablet&quot;:{&quot;unit&quot;:&quot;px&quot;,&quot;size&quot;:&quot;&quot;,&quot;sizes&quot;:[]},&quot;cards_row_gap_mobile&quot;:{&quot;unit&quot;:&quot;px&quot;,&quot;size&quot;:&quot;&quot;,&quot;sizes&quot;:[]},&quot;load_more_spinner&quot;:{&quot;value&quot;:&quot;fas fa-spinner&quot;,&quot;library&quot;:&quot;fa-solid&quot;}}\" data-widget_type=\"posts.cards\">\n\t\t\t\t<div class=\"elementor-widget-container\">\n\t\t\t\t\t\t\t<div class=\"elementor-posts-container elementor-posts elementor-posts--skin-cards elementor-grid\" role=\"list\">\n\t\t\t\t<article class=\"elementor-post elementor-grid-item post-944 post type-post status-publish format-standard has-post-thumbnail hentry category-blog\" role=\"listitem\">\n\t\t\t<div class=\"elementor-post__card\">\n\t\t\t\t<a class=\"elementor-post__thumbnail__link\" href=\"https:\/\/viusuplementos.com\/en\/propiedades-del-limoneno-beneficios-cientificos\/\" tabindex=\"-1\" ><div class=\"elementor-post__thumbnail\"><img fetchpriority=\"high\" decoding=\"async\" width=\"1024\" height=\"1024\" src=\"https:\/\/viusuplementos.com\/wp-content\/uploads\/2026\/02\/propiedades-del-limoneno-en-la-salud.png\" class=\"attachment-full size-full wp-image-945\" alt=\"propiedades del limoneno en la salud gastrointestinal y cerebral\" srcset=\"https:\/\/viusuplementos.com\/wp-content\/uploads\/2026\/02\/propiedades-del-limoneno-en-la-salud.png 1024w, https:\/\/viusuplementos.com\/wp-content\/uploads\/2026\/02\/propiedades-del-limoneno-en-la-salud-300x300.png 300w, https:\/\/viusuplementos.com\/wp-content\/uploads\/2026\/02\/propiedades-del-limoneno-en-la-salud-150x150.png 150w, https:\/\/viusuplementos.com\/wp-content\/uploads\/2026\/02\/propiedades-del-limoneno-en-la-salud-768x768.png 768w, https:\/\/viusuplementos.com\/wp-content\/uploads\/2026\/02\/propiedades-del-limoneno-en-la-salud-12x12.png 12w\" sizes=\"(max-width: 1024px) 100vw, 1024px\" \/><\/div><\/a>\n\t\t\t\t<div class=\"elementor-post__text\">\n\t\t\t\t<h2 class=\"elementor-post__title\">\n\t\t\t<a href=\"https:\/\/viusuplementos.com\/en\/propiedades-del-limoneno-beneficios-cientificos\/\" >\n\t\t\t\tProperties of limonene: Potential Benefits and Scientific Evidence\t\t\t<\/a>\n\t\t<\/h2>\n\t\t\t\t\t<div class=\"elementor-post__read-more-wrapper\">\n\t\t\n\t\t<a class=\"elementor-post__read-more\" href=\"https:\/\/viusuplementos.com\/en\/propiedades-del-limoneno-beneficios-cientificos\/\" aria-label=\"Read more about Propiedades del limoneno: Beneficios Potenciales y Evidencia Cient\u00edfica\" tabindex=\"-1\" >\n\t\t\tRead more \"\t\t<\/a>\n\n\t\t\t\t\t<\/div>\n\t\t\t\t<\/div>\n\t\t\t\t<div class=\"elementor-post__meta-data\">\n\t\t\t\t\t<span class=\"elementor-post-date\">\n\t\t\t24 February, 2026\t\t<\/span>\n\t\t\t\t<\/div>\n\t\t\t\t\t<\/div>\n\t\t<\/article>\n\t\t\t\t<article class=\"elementor-post elementor-grid-item post-933 post type-post status-publish format-standard has-post-thumbnail hentry category-blog\" role=\"listitem\">\n\t\t\t<div class=\"elementor-post__card\">\n\t\t\t\t<a class=\"elementor-post__thumbnail__link\" href=\"https:\/\/viusuplementos.com\/en\/importancia-suplementos-calcio-vitamina-d\/\" tabindex=\"-1\" ><div class=\"elementor-post__thumbnail\"><img decoding=\"async\" width=\"906\" height=\"1024\" src=\"https:\/\/viusuplementos.com\/wp-content\/uploads\/2026\/02\/suplementos-de-calcio-y-vitamina-D.png\" class=\"attachment-full size-full wp-image-934\" alt=\"Beneficios de los suplementos de calcio y vitamina D para la densidad \u00f3sea\" srcset=\"https:\/\/viusuplementos.com\/wp-content\/uploads\/2026\/02\/suplementos-de-calcio-y-vitamina-D.png 906w, https:\/\/viusuplementos.com\/wp-content\/uploads\/2026\/02\/suplementos-de-calcio-y-vitamina-D-265x300.png 265w, https:\/\/viusuplementos.com\/wp-content\/uploads\/2026\/02\/suplementos-de-calcio-y-vitamina-D-768x868.png 768w, https:\/\/viusuplementos.com\/wp-content\/uploads\/2026\/02\/suplementos-de-calcio-y-vitamina-D-11x12.png 11w\" sizes=\"(max-width: 906px) 100vw, 906px\" \/><\/div><\/a>\n\t\t\t\t<div class=\"elementor-post__text\">\n\t\t\t\t<h2 class=\"elementor-post__title\">\n\t\t\t<a href=\"https:\/\/viusuplementos.com\/en\/importancia-suplementos-calcio-vitamina-d\/\" >\n\t\t\t\tImportance of calcium and vitamin D supplements for health\t\t\t<\/a>\n\t\t<\/h2>\n\t\t\t\t\t<div class=\"elementor-post__read-more-wrapper\">\n\t\t\n\t\t<a class=\"elementor-post__read-more\" href=\"https:\/\/viusuplementos.com\/en\/importancia-suplementos-calcio-vitamina-d\/\" aria-label=\"Read more about Importancia de los suplementos de calcio y vitamina D en la Salud\" tabindex=\"-1\" >\n\t\t\tRead more \"\t\t<\/a>\n\n\t\t\t\t\t<\/div>\n\t\t\t\t<\/div>\n\t\t\t\t<div class=\"elementor-post__meta-data\">\n\t\t\t\t\t<span class=\"elementor-post-date\">\n\t\t\t24 February, 2026\t\t<\/span>\n\t\t\t\t<\/div>\n\t\t\t\t\t<\/div>\n\t\t<\/article>\n\t\t\t\t<article class=\"elementor-post elementor-grid-item post-922 post type-post status-publish format-standard has-post-thumbnail hentry category-blog\" role=\"listitem\">\n\t\t\t<div class=\"elementor-post__card\">\n\t\t\t\t<a class=\"elementor-post__thumbnail__link\" href=\"https:\/\/viusuplementos.com\/en\/citrato-de-magnesio-para-la-menopausia-beneficios\/\" tabindex=\"-1\" ><div class=\"elementor-post__thumbnail\"><img decoding=\"async\" width=\"1024\" height=\"1024\" src=\"https:\/\/viusuplementos.com\/wp-content\/uploads\/2026\/02\/citrato-de-magnesio-de-alta-biodisponibilidad.png\" class=\"attachment-full size-full wp-image-923\" alt=\"Suplemento de citrato de magnesio de alta biodisponibilidad para mujeres\" srcset=\"https:\/\/viusuplementos.com\/wp-content\/uploads\/2026\/02\/citrato-de-magnesio-de-alta-biodisponibilidad.png 1024w, https:\/\/viusuplementos.com\/wp-content\/uploads\/2026\/02\/citrato-de-magnesio-de-alta-biodisponibilidad-300x300.png 300w, https:\/\/viusuplementos.com\/wp-content\/uploads\/2026\/02\/citrato-de-magnesio-de-alta-biodisponibilidad-150x150.png 150w, https:\/\/viusuplementos.com\/wp-content\/uploads\/2026\/02\/citrato-de-magnesio-de-alta-biodisponibilidad-768x768.png 768w, https:\/\/viusuplementos.com\/wp-content\/uploads\/2026\/02\/citrato-de-magnesio-de-alta-biodisponibilidad-12x12.png 12w\" sizes=\"(max-width: 1024px) 100vw, 1024px\" \/><\/div><\/a>\n\t\t\t\t<div class=\"elementor-post__text\">\n\t\t\t\t<h2 class=\"elementor-post__title\">\n\t\t\t<a href=\"https:\/\/viusuplementos.com\/en\/citrato-de-magnesio-para-la-menopausia-beneficios\/\" >\n\t\t\t\tMagnesium Citrate for Menopause: Benefits, Mechanisms, and Scientific Evidence\t\t\t<\/a>\n\t\t<\/h2>\n\t\t\t\t\t<div class=\"elementor-post__read-more-wrapper\">\n\t\t\n\t\t<a class=\"elementor-post__read-more\" href=\"https:\/\/viusuplementos.com\/en\/citrato-de-magnesio-para-la-menopausia-beneficios\/\" aria-label=\"Read more about Citrato de magnesio para la menopausia: Beneficios, Mecanismos y Evidencias Cient\u00edficas\" tabindex=\"-1\" >\n\t\t\tRead more \"\t\t<\/a>\n\n\t\t\t\t\t<\/div>\n\t\t\t\t<\/div>\n\t\t\t\t<div class=\"elementor-post__meta-data\">\n\t\t\t\t\t<span class=\"elementor-post-date\">\n\t\t\t24 February, 2026\t\t<\/span>\n\t\t\t\t<\/div>\n\t\t\t\t\t<\/div>\n\t\t<\/article>\n\t\t\t\t<article class=\"elementor-post elementor-grid-item post-912 post type-post status-publish format-standard has-post-thumbnail hentry category-blog\" role=\"listitem\">\n\t\t\t<div class=\"elementor-post__card\">\n\t\t\t\t<a class=\"elementor-post__thumbnail__link\" href=\"https:\/\/viusuplementos.com\/en\/factores-intervienen-calidad-del-sueno\/\" tabindex=\"-1\" ><div class=\"elementor-post__thumbnail\"><img loading=\"lazy\" decoding=\"async\" width=\"1380\" height=\"704\" src=\"https:\/\/viusuplementos.com\/wp-content\/uploads\/2026\/02\/calidad-de-sueno-con-suplementos-VIU.png\" class=\"attachment-full size-full wp-image-913\" alt=\"productos VIU Suplementos dise\u00f1ados para optimizar la calidad del sue\u00f1o\" srcset=\"https:\/\/viusuplementos.com\/wp-content\/uploads\/2026\/02\/calidad-de-sueno-con-suplementos-VIU.png 1380w, https:\/\/viusuplementos.com\/wp-content\/uploads\/2026\/02\/calidad-de-sueno-con-suplementos-VIU-300x153.png 300w, https:\/\/viusuplementos.com\/wp-content\/uploads\/2026\/02\/calidad-de-sueno-con-suplementos-VIU-1024x522.png 1024w, https:\/\/viusuplementos.com\/wp-content\/uploads\/2026\/02\/calidad-de-sueno-con-suplementos-VIU-768x392.png 768w, https:\/\/viusuplementos.com\/wp-content\/uploads\/2026\/02\/calidad-de-sueno-con-suplementos-VIU-18x9.png 18w\" sizes=\"(max-width: 1380px) 100vw, 1380px\" \/><\/div><\/a>\n\t\t\t\t<div class=\"elementor-post__text\">\n\t\t\t\t<h2 class=\"elementor-post__title\">\n\t\t\t<a href=\"https:\/\/viusuplementos.com\/en\/factores-intervienen-calidad-del-sueno\/\" >\n\t\t\t\tFactors Involved in the Quality of your Sleep: How to Improve and Maintain Quality Sleep\t\t\t<\/a>\n\t\t<\/h2>\n\t\t\t\t\t<div class=\"elementor-post__read-more-wrapper\">\n\t\t\n\t\t<a class=\"elementor-post__read-more\" href=\"https:\/\/viusuplementos.com\/en\/factores-intervienen-calidad-del-sueno\/\" aria-label=\"Read more about Factores que Intervienen en la Calidad del Sue\u00f1o: C\u00f3mo Mejorar y Mantener un Sue\u00f1o Adecuado\" tabindex=\"-1\" >\n\t\t\tRead more \"\t\t<\/a>\n\n\t\t\t\t\t<\/div>\n\t\t\t\t<\/div>\n\t\t\t\t<div class=\"elementor-post__meta-data\">\n\t\t\t\t\t<span class=\"elementor-post-date\">\n\t\t\t24 February, 2026\t\t<\/span>\n\t\t\t\t<\/div>\n\t\t\t\t\t<\/div>\n\t\t<\/article>\n\t\t\t\t<article class=\"elementor-post elementor-grid-item post-890 post type-post status-publish format-standard has-post-thumbnail hentry category-blog\" role=\"listitem\">\n\t\t\t<div class=\"elementor-post__card\">\n\t\t\t\t<a class=\"elementor-post__thumbnail__link\" href=\"https:\/\/viusuplementos.com\/en\/la-suplementacion-con-colageno-un-elemento-clave-en-la-nutricion-para-la-salud-integral\/\" tabindex=\"-1\" ><div class=\"elementor-post__thumbnail\"><img loading=\"lazy\" decoding=\"async\" width=\"1024\" height=\"937\" src=\"https:\/\/viusuplementos.com\/wp-content\/uploads\/2026\/02\/colageno-para-todos-VIU.png\" class=\"attachment-full size-full wp-image-891\" alt=\"Importancia de la suplementaci\u00f3n con col\u00e1geno para los tejidos conectivos\" srcset=\"https:\/\/viusuplementos.com\/wp-content\/uploads\/2026\/02\/colageno-para-todos-VIU.png 1024w, https:\/\/viusuplementos.com\/wp-content\/uploads\/2026\/02\/colageno-para-todos-VIU-300x275.png 300w, https:\/\/viusuplementos.com\/wp-content\/uploads\/2026\/02\/colageno-para-todos-VIU-768x703.png 768w, https:\/\/viusuplementos.com\/wp-content\/uploads\/2026\/02\/colageno-para-todos-VIU-13x12.png 13w\" sizes=\"(max-width: 1024px) 100vw, 1024px\" \/><\/div><\/a>\n\t\t\t\t<div class=\"elementor-post__text\">\n\t\t\t\t<h2 class=\"elementor-post__title\">\n\t\t\t<a href=\"https:\/\/viusuplementos.com\/en\/la-suplementacion-con-colageno-un-elemento-clave-en-la-nutricion-para-la-salud-integral\/\" >\n\t\t\t\tSupplementation with collagen: A Key Element in Nutrition for Holistic Health\t\t\t<\/a>\n\t\t<\/h2>\n\t\t\t\t\t<div class=\"elementor-post__read-more-wrapper\">\n\t\t\n\t\t<a class=\"elementor-post__read-more\" href=\"https:\/\/viusuplementos.com\/en\/la-suplementacion-con-colageno-un-elemento-clave-en-la-nutricion-para-la-salud-integral\/\" aria-label=\"Read more about La suplementaci\u00f3n con col\u00e1geno: Un elemento clave en la nutrici\u00f3n para la salud integral\" tabindex=\"-1\" >\n\t\t\tRead more \"\t\t<\/a>\n\n\t\t\t\t\t<\/div>\n\t\t\t\t<\/div>\n\t\t\t\t<div class=\"elementor-post__meta-data\">\n\t\t\t\t\t<span class=\"elementor-post-date\">\n\t\t\t24 February, 2026\t\t<\/span>\n\t\t\t\t<\/div>\n\t\t\t\t\t<\/div>\n\t\t<\/article>\n\t\t\t\t<article class=\"elementor-post elementor-grid-item post-879 post type-post status-publish format-standard has-post-thumbnail hentry category-blog\" role=\"listitem\">\n\t\t\t<div class=\"elementor-post__card\">\n\t\t\t\t<a class=\"elementor-post__thumbnail__link\" href=\"https:\/\/viusuplementos.com\/en\/beneficios-azafran-sueno-reparador\/\" tabindex=\"-1\" ><div class=\"elementor-post__thumbnail\"><img loading=\"lazy\" decoding=\"async\" width=\"1402\" height=\"704\" src=\"https:\/\/viusuplementos.com\/wp-content\/uploads\/2026\/02\/beneficios-del-azafran-VIU-RELAX.png\" class=\"attachment-full size-full wp-image-880\" alt=\"Beneficios del azafr\u00e1n para el sue\u00f1o\" srcset=\"https:\/\/viusuplementos.com\/wp-content\/uploads\/2026\/02\/beneficios-del-azafran-VIU-RELAX.png 1402w, https:\/\/viusuplementos.com\/wp-content\/uploads\/2026\/02\/beneficios-del-azafran-VIU-RELAX-300x151.png 300w, https:\/\/viusuplementos.com\/wp-content\/uploads\/2026\/02\/beneficios-del-azafran-VIU-RELAX-1024x514.png 1024w, https:\/\/viusuplementos.com\/wp-content\/uploads\/2026\/02\/beneficios-del-azafran-VIU-RELAX-768x386.png 768w, https:\/\/viusuplementos.com\/wp-content\/uploads\/2026\/02\/beneficios-del-azafran-VIU-RELAX-18x9.png 18w\" sizes=\"(max-width: 1402px) 100vw, 1402px\" \/><\/div><\/a>\n\t\t\t\t<div class=\"elementor-post__text\">\n\t\t\t\t<h2 class=\"elementor-post__title\">\n\t\t\t<a href=\"https:\/\/viusuplementos.com\/en\/beneficios-azafran-sueno-reparador\/\" >\n\t\t\t\tBenefits of saffron for restful sleep: The science that reveals how an ancient spice can transform your nights\t\t\t<\/a>\n\t\t<\/h2>\n\t\t\t\t\t<div class=\"elementor-post__read-more-wrapper\">\n\t\t\n\t\t<a class=\"elementor-post__read-more\" href=\"https:\/\/viusuplementos.com\/en\/beneficios-azafran-sueno-reparador\/\" aria-label=\"Read more about Beneficios del azafr\u00e1n para el sue\u00f1o reparador: La ciencia que revela c\u00f3mo una especia milenaria puede transformar tus noches\" tabindex=\"-1\" >\n\t\t\tRead more \"\t\t<\/a>\n\n\t\t\t\t\t<\/div>\n\t\t\t\t<\/div>\n\t\t\t\t<div class=\"elementor-post__meta-data\">\n\t\t\t\t\t<span class=\"elementor-post-date\">\n\t\t\t24 February, 2026\t\t<\/span>\n\t\t\t\t<\/div>\n\t\t\t\t\t<\/div>\n\t\t<\/article>\n\t\t\t\t<\/div>\n\t\t\t\t\t<span class=\"e-load-more-spinner\">\n\t\t\t\t<svg aria-hidden=\"true\" class=\"e-font-icon-svg e-fas-spinner\" viewbox=\"0 0 512 512\" xmlns=\"http:\/\/www.w3.org\/2000\/svg\"><path d=\"M304 48c0 26.51-21.49 48-48 48s-48-21.49-48-48 21.49-48 48-48 48 21.49 48 48zm-48 368c-26.51 0-48 21.49-48 48s21.49 48 48 48 48-21.49 48-48-21.49-48-48-48zm208-208c-26.51 0-48 21.49-48 48s21.49 48 48 48 48-21.49 48-48-21.49-48-48-48zM96 256c0-26.51-21.49-48-48-48S0 229.49 0 256s21.49 48 48 48 48-21.49 48-48zm12.922 99.078c-26.51 0-48 21.49-48 48s21.49 48 48 48 48-21.49 48-48c0-26.509-21.491-48-48-48zm294.156 0c-26.51 0-48 21.49-48 48s21.49 48 48 48 48-21.49 48-48c0-26.509-21.49-48-48-48zM108.922 60.922c-26.51 0-48 21.49-48 48s21.49 48 48 48 48-21.49 48-48-21.491-48-48-48z\"><\/path><\/svg>\t\t\t<\/span>\n\t\t\n\t\t\t\t\t\t<\/div>\n\t\t\t\t<\/div>\n\t\t\t\t\t<\/div>\n\t\t\t\t<\/div>\n\t\t\t\t<\/div>","protected":false},"excerpt":{"rendered":"<p>Blog VIU Suplementos: Ciencia a tu alcance Cada art\u00edculo en este blog es revisada para asegurar que la informaci\u00f3n sobre VIU Suplementos\u00a0sea precisa, actual y,<\/p>","protected":false},"author":4,"featured_media":0,"parent":0,"menu_order":0,"comment_status":"closed","ping_status":"closed","template":"elementor_header_footer","meta":{"footnotes":""},"class_list":["post-954","page","type-page","status-publish","hentry"],"yoast_head":"<!-- This site is optimized with the Yoast SEO plugin v27.3 - https:\/\/yoast.com\/product\/yoast-seo-wordpress\/ -->\n<title>Blog VIU Suplementos - VIU Colageno Alimentos HyH<\/title>\n<meta name=\"description\" content=\"Explora nuestro blog y descubre los beneficios del col\u00e1geno y suplementaci\u00f3n cient\u00edfica. Art\u00edculos con respaldo m\u00e9dico sobre salud \u00f3sea, piel y recuperaci\u00f3n.\" \/>\n<meta name=\"robots\" content=\"index, follow, max-snippet:-1, max-image-preview:large, max-video-preview:-1\" \/>\n<link rel=\"canonical\" href=\"https:\/\/viusuplementos.com\/en\/blog\/\" \/>\n<meta property=\"og:locale\" content=\"en_US\" \/>\n<meta property=\"og:type\" content=\"article\" \/>\n<meta property=\"og:title\" content=\"Blog VIU Suplementos - VIU Colageno Alimentos HyH\" \/>\n<meta property=\"og:description\" content=\"Explora nuestro blog y descubre los beneficios del col\u00e1geno y suplementaci\u00f3n cient\u00edfica. Art\u00edculos con respaldo m\u00e9dico sobre salud \u00f3sea, piel y recuperaci\u00f3n.\" \/>\n<meta property=\"og:url\" content=\"https:\/\/viusuplementos.com\/en\/blog\/\" \/>\n<meta property=\"og:site_name\" content=\"VIU Colageno Alimentos HyH\" \/>\n<meta property=\"article:modified_time\" content=\"2026-02-24T22:36:59+00:00\" \/>\n<meta name=\"twitter:card\" content=\"summary_large_image\" \/>\n<meta name=\"twitter:label1\" content=\"Est. reading time\" \/>\n\t<meta name=\"twitter:data1\" content=\"1 minute\" \/>\n<script type=\"application\/ld+json\" class=\"yoast-schema-graph\">{\"@context\":\"https:\\\/\\\/schema.org\",\"@graph\":[{\"@type\":\"WebPage\",\"@id\":\"https:\\\/\\\/viusuplementos.com\\\/blog\\\/\",\"url\":\"https:\\\/\\\/viusuplementos.com\\\/blog\\\/\",\"name\":\"Blog VIU Suplementos - VIU Colageno Alimentos HyH\",\"isPartOf\":{\"@id\":\"https:\\\/\\\/viusuplementos.com\\\/#website\"},\"datePublished\":\"2026-02-24T21:53:39+00:00\",\"dateModified\":\"2026-02-24T22:36:59+00:00\",\"description\":\"Explora nuestro blog y descubre los beneficios del col\u00e1geno y suplementaci\u00f3n cient\u00edfica. Art\u00edculos con respaldo m\u00e9dico sobre salud \u00f3sea, piel y recuperaci\u00f3n.\",\"breadcrumb\":{\"@id\":\"https:\\\/\\\/viusuplementos.com\\\/blog\\\/#breadcrumb\"},\"inLanguage\":\"en-US\",\"potentialAction\":[{\"@type\":\"ReadAction\",\"target\":[\"https:\\\/\\\/viusuplementos.com\\\/blog\\\/\"]}]},{\"@type\":\"BreadcrumbList\",\"@id\":\"https:\\\/\\\/viusuplementos.com\\\/blog\\\/#breadcrumb\",\"itemListElement\":[{\"@type\":\"ListItem\",\"position\":1,\"name\":\"Home\",\"item\":\"https:\\\/\\\/viusuplementos.com\\\/\"},{\"@type\":\"ListItem\",\"position\":2,\"name\":\"Blog\"}]},{\"@type\":\"WebSite\",\"@id\":\"https:\\\/\\\/viusuplementos.com\\\/#website\",\"url\":\"https:\\\/\\\/viusuplementos.com\\\/\",\"name\":\"VIU Colageno Alimentos HyH\",\"description\":\"VIU Colageno Alimentos HyH\",\"publisher\":{\"@id\":\"https:\\\/\\\/viusuplementos.com\\\/#organization\"},\"potentialAction\":[{\"@type\":\"SearchAction\",\"target\":{\"@type\":\"EntryPoint\",\"urlTemplate\":\"https:\\\/\\\/viusuplementos.com\\\/?s={search_term_string}\"},\"query-input\":{\"@type\":\"PropertyValueSpecification\",\"valueRequired\":true,\"valueName\":\"search_term_string\"}}],\"inLanguage\":\"en-US\"},{\"@type\":\"Organization\",\"@id\":\"https:\\\/\\\/viusuplementos.com\\\/#organization\",\"name\":\"VIU Colageno Alimentos HyH\",\"url\":\"https:\\\/\\\/viusuplementos.com\\\/\",\"logo\":{\"@type\":\"ImageObject\",\"inLanguage\":\"en-US\",\"@id\":\"https:\\\/\\\/viusuplementos.com\\\/#\\\/schema\\\/logo\\\/image\\\/\",\"url\":\"https:\\\/\\\/viusuplementos.com\\\/wp-content\\\/uploads\\\/2025\\\/11\\\/LOGOS-viu-colageno-e1772141501379.png\",\"contentUrl\":\"https:\\\/\\\/viusuplementos.com\\\/wp-content\\\/uploads\\\/2025\\\/11\\\/LOGOS-viu-colageno-e1772141501379.png\",\"width\":1578,\"height\":1028,\"caption\":\"VIU Colageno Alimentos HyH\"},\"image\":{\"@id\":\"https:\\\/\\\/viusuplementos.com\\\/#\\\/schema\\\/logo\\\/image\\\/\"}}]}<\/script>\n<!-- \/ Yoast SEO plugin. -->","yoast_head_json":{"title":"Blog VIU Supplements - VIU Collagen Foods HyH","description":"Explore our blog and discover the benefits of collagen and scientifically proven supplementation. Find medically backed articles on bone health, skin, and recovery.","robots":{"index":"index","follow":"follow","max-snippet":"max-snippet:-1","max-image-preview":"max-image-preview:large","max-video-preview":"max-video-preview:-1"},"canonical":"https:\/\/viusuplementos.com\/en\/blog\/","og_locale":"en_US","og_type":"article","og_title":"Blog VIU Suplementos - VIU Colageno Alimentos HyH","og_description":"Explora nuestro blog y descubre los beneficios del col\u00e1geno y suplementaci\u00f3n cient\u00edfica. Art\u00edculos con respaldo m\u00e9dico sobre salud \u00f3sea, piel y recuperaci\u00f3n.","og_url":"https:\/\/viusuplementos.com\/en\/blog\/","og_site_name":"VIU Colageno Alimentos HyH","article_modified_time":"2026-02-24T22:36:59+00:00","twitter_card":"summary_large_image","twitter_misc":{"Est. reading time":"1 minute"},"schema":{"@context":"https:\/\/schema.org","@graph":[{"@type":"WebPage","@id":"https:\/\/viusuplementos.com\/blog\/","url":"https:\/\/viusuplementos.com\/blog\/","name":"Blog VIU Supplements - VIU Collagen Foods HyH","isPartOf":{"@id":"https:\/\/viusuplementos.com\/#website"},"datePublished":"2026-02-24T21:53:39+00:00","dateModified":"2026-02-24T22:36:59+00:00","description":"Explore our blog and discover the benefits of collagen and scientifically proven supplementation. Find medically backed articles on bone health, skin, and recovery.","breadcrumb":{"@id":"https:\/\/viusuplementos.com\/blog\/#breadcrumb"},"inLanguage":"en-US","potentialAction":[{"@type":"ReadAction","target":["https:\/\/viusuplementos.com\/blog\/"]}]},{"@type":"BreadcrumbList","@id":"https:\/\/viusuplementos.com\/blog\/#breadcrumb","itemListElement":[{"@type":"ListItem","position":1,"name":"Home","item":"https:\/\/viusuplementos.com\/"},{"@type":"ListItem","position":2,"name":"Blog"}]},{"@type":"WebSite","@id":"https:\/\/viusuplementos.com\/#website","url":"https:\/\/viusuplementos.com\/","name":"VIU Collagen Foods HyH","description":"VIU Collagen Foods HyH","publisher":{"@id":"https:\/\/viusuplementos.com\/#organization"},"potentialAction":[{"@type":"SearchAction","target":{"@type":"EntryPoint","urlTemplate":"https:\/\/viusuplementos.com\/?s={search_term_string}"},"query-input":{"@type":"PropertyValueSpecification","valueRequired":true,"valueName":"search_term_string"}}],"inLanguage":"en-US"},{"@type":"Organization","@id":"https:\/\/viusuplementos.com\/#organization","name":"VIU Collagen Foods HyH","url":"https:\/\/viusuplementos.com\/","logo":{"@type":"ImageObject","inLanguage":"en-US","@id":"https:\/\/viusuplementos.com\/#\/schema\/logo\/image\/","url":"https:\/\/viusuplementos.com\/wp-content\/uploads\/2025\/11\/LOGOS-viu-colageno-e1772141501379.png","contentUrl":"https:\/\/viusuplementos.com\/wp-content\/uploads\/2025\/11\/LOGOS-viu-colageno-e1772141501379.png","width":1578,"height":1028,"caption":"VIU Colageno Alimentos HyH"},"image":{"@id":"https:\/\/viusuplementos.com\/#\/schema\/logo\/image\/"}}]}},"_links":{"self":[{"href":"https:\/\/viusuplementos.com\/en\/wp-json\/wp\/v2\/pages\/954","targetHints":{"allow":["GET"]}}],"collection":[{"href":"https:\/\/viusuplementos.com\/en\/wp-json\/wp\/v2\/pages"}],"about":[{"href":"https:\/\/viusuplementos.com\/en\/wp-json\/wp\/v2\/types\/page"}],"author":[{"embeddable":true,"href":"https:\/\/viusuplementos.com\/en\/wp-json\/wp\/v2\/users\/4"}],"replies":[{"embeddable":true,"href":"https:\/\/viusuplementos.com\/en\/wp-json\/wp\/v2\/comments?post=954"}],"version-history":[{"count":5,"href":"https:\/\/viusuplementos.com\/en\/wp-json\/wp\/v2\/pages\/954\/revisions"}],"predecessor-version":[{"id":970,"href":"https:\/\/viusuplementos.com\/en\/wp-json\/wp\/v2\/pages\/954\/revisions\/970"}],"wp:attachment":[{"href":"https:\/\/viusuplementos.com\/en\/wp-json\/wp\/v2\/media?parent=954"}],"curies":[{"name":"wp","href":"https:\/\/api.w.org\/{rel}","templated":true}]}}