{"id":820,"date":"2026-02-17T09:55:58","date_gmt":"2026-02-17T15:55:58","guid":{"rendered":"https:\/\/viusuplementos.com\/?page_id=820"},"modified":"2026-02-17T10:14:05","modified_gmt":"2026-02-17T16:14:05","slug":"terms-and-conditions","status":"publish","type":"page","link":"https:\/\/viusuplementos.com\/en\/terminos-y-condiciones\/","title":{"rendered":"Terms and conditions"},"content":{"rendered":"<div data-elementor-type=\"wp-page\" data-elementor-id=\"820\" class=\"elementor elementor-820\" data-elementor-post-type=\"page\">\n\t\t\t\t<div class=\"elementor-element elementor-element-01e89b5 e-flex e-con-boxed e-con e-parent\" data-id=\"01e89b5\" data-element_type=\"container\" data-e-type=\"container\" data-settings=\"{&quot;background_background&quot;:&quot;classic&quot;}\">\n\t\t\t\t\t<div class=\"e-con-inner\">\n\t\t\t\t<div class=\"elementor-element elementor-element-c37b3eb elementor-widget elementor-widget-heading\" data-id=\"c37b3eb\" data-element_type=\"widget\" data-e-type=\"widget\" data-widget_type=\"heading.default\">\n\t\t\t\t\t<p class=\"elementor-heading-title elementor-size-default\">Terms and conditions<\/p>\t\t\t\t<\/div>\n\t\t\t\t<div class=\"elementor-element elementor-element-be6f65f elementor-widget elementor-widget-text-editor\" data-id=\"be6f65f\" data-element_type=\"widget\" data-e-type=\"widget\" data-widget_type=\"text-editor.default\">\n\t\t\t\t\t\t\t\t\t<p>El acceso y uso del sitio web de VIU Col\u00e1geno implica la aceptaci\u00f3n de los siguientes t\u00e9rminos y condiciones:<\/p><p><b>1. Use of the Site<\/b><\/p><p>The content of this site is exclusively informational. The user agrees to use the site appropriately and not to employ it for unlawful activities or those contrary to good faith.<\/p><p><b>2. Intellectual Property<\/b><\/p><p>All content on this site (texts, images, logos, etc.) is the property of VIU Collagen or is covered by usage licenses. Any total or partial reproduction without prior authorization is strictly prohibited.<\/p><p><b>3. External Links<\/b><\/p><p>This site may contain links to third-party websites. VIU Collagen is not responsible for the content or privacy policies of those sites.<\/p><p><b>4. Limitation of Liability<\/b><\/p><p>VIU Collagen shall not be held liable for any damages arising from the use of the site, interruptions, technical errors, or inaccuracies in the content.<\/p><p><b>5. Modifications<\/b><\/p><p>We reserve the right to modify these terms at any time. Continued use of the site following such changes constitutes acceptance thereof.<\/p>\t\t\t\t\t\t\t\t<\/div>\n\t\t\t\t\t<\/div>\n\t\t\t\t<\/div>\n\t\t\t\t<\/div>","protected":false},"excerpt":{"rendered":"<p>T\u00e9rminos y condiciones El acceso y uso del sitio web de VIU Col\u00e1geno implica la aceptaci\u00f3n de los siguientes t\u00e9rminos y condiciones: 1. Uso del sitio El contenido del sitio es exclusivamente informativo. El usuario se compromete a hacer un uso adecuado del sitio y a no emplearlo para actividades il\u00edcitas o contrarias a la [&hellip;]<\/p>\n","protected":false},"author":9,"featured_media":0,"parent":0,"menu_order":0,"comment_status":"closed","ping_status":"closed","template":"elementor_header_footer","meta":{"footnotes":""},"class_list":["post-820","page","type-page","status-publish","hentry"],"yoast_head":"<!-- This site is optimized with the Yoast SEO plugin v27.3 - https:\/\/yoast.com\/product\/yoast-seo-wordpress\/ -->\n<title>T\u00e9rminos y condiciones - VIU Colageno Alimentos HyH<\/title>\n<meta name=\"robots\" content=\"index, follow, max-snippet:-1, max-image-preview:large, max-video-preview:-1\" \/>\n<link rel=\"canonical\" href=\"https:\/\/viusuplementos.com\/en\/terms-and-conditions\/\" \/>\n<meta property=\"og:locale\" content=\"en_US\" \/>\n<meta property=\"og:type\" content=\"article\" \/>\n<meta property=\"og:title\" content=\"T\u00e9rminos y condiciones - VIU Colageno Alimentos HyH\" \/>\n<meta property=\"og:description\" content=\"T\u00e9rminos y condiciones El acceso y uso del sitio web de VIU Col\u00e1geno implica la aceptaci\u00f3n de los siguientes t\u00e9rminos y condiciones: 1. Uso del sitio El contenido del sitio es exclusivamente informativo. El usuario se compromete a hacer un uso adecuado del sitio y a no emplearlo para actividades il\u00edcitas o contrarias a la [&hellip;]\" \/>\n<meta property=\"og:url\" content=\"https:\/\/viusuplementos.com\/en\/terms-and-conditions\/\" \/>\n<meta property=\"og:site_name\" content=\"VIU Colageno Alimentos HyH\" \/>\n<meta property=\"article:modified_time\" content=\"2026-02-17T16:14:05+00:00\" \/>\n<meta name=\"twitter:card\" content=\"summary_large_image\" \/>\n<meta name=\"twitter:label1\" content=\"Est. reading time\" \/>\n\t<meta name=\"twitter:data1\" content=\"1 minute\" \/>\n<script type=\"application\/ld+json\" class=\"yoast-schema-graph\">{\"@context\":\"https:\\\/\\\/schema.org\",\"@graph\":[{\"@type\":\"WebPage\",\"@id\":\"https:\\\/\\\/viusuplementos.com\\\/terminos-y-condiciones\\\/\",\"url\":\"https:\\\/\\\/viusuplementos.com\\\/terminos-y-condiciones\\\/\",\"name\":\"T\u00e9rminos y condiciones - VIU Colageno Alimentos HyH\",\"isPartOf\":{\"@id\":\"https:\\\/\\\/viusuplementos.com\\\/#website\"},\"datePublished\":\"2026-02-17T15:55:58+00:00\",\"dateModified\":\"2026-02-17T16:14:05+00:00\",\"breadcrumb\":{\"@id\":\"https:\\\/\\\/viusuplementos.com\\\/terminos-y-condiciones\\\/#breadcrumb\"},\"inLanguage\":\"en-US\",\"potentialAction\":[{\"@type\":\"ReadAction\",\"target\":[\"https:\\\/\\\/viusuplementos.com\\\/terminos-y-condiciones\\\/\"]}]},{\"@type\":\"BreadcrumbList\",\"@id\":\"https:\\\/\\\/viusuplementos.com\\\/terminos-y-condiciones\\\/#breadcrumb\",\"itemListElement\":[{\"@type\":\"ListItem\",\"position\":1,\"name\":\"Home\",\"item\":\"https:\\\/\\\/viusuplementos.com\\\/\"},{\"@type\":\"ListItem\",\"position\":2,\"name\":\"T\u00e9rminos y condiciones\"}]},{\"@type\":\"WebSite\",\"@id\":\"https:\\\/\\\/viusuplementos.com\\\/#website\",\"url\":\"https:\\\/\\\/viusuplementos.com\\\/\",\"name\":\"VIU Colageno Alimentos HyH\",\"description\":\"VIU Colageno Alimentos HyH\",\"publisher\":{\"@id\":\"https:\\\/\\\/viusuplementos.com\\\/#organization\"},\"potentialAction\":[{\"@type\":\"SearchAction\",\"target\":{\"@type\":\"EntryPoint\",\"urlTemplate\":\"https:\\\/\\\/viusuplementos.com\\\/?s={search_term_string}\"},\"query-input\":{\"@type\":\"PropertyValueSpecification\",\"valueRequired\":true,\"valueName\":\"search_term_string\"}}],\"inLanguage\":\"en-US\"},{\"@type\":\"Organization\",\"@id\":\"https:\\\/\\\/viusuplementos.com\\\/#organization\",\"name\":\"VIU Colageno Alimentos HyH\",\"url\":\"https:\\\/\\\/viusuplementos.com\\\/\",\"logo\":{\"@type\":\"ImageObject\",\"inLanguage\":\"en-US\",\"@id\":\"https:\\\/\\\/viusuplementos.com\\\/#\\\/schema\\\/logo\\\/image\\\/\",\"url\":\"https:\\\/\\\/viusuplementos.com\\\/wp-content\\\/uploads\\\/2025\\\/11\\\/LOGOS-viu-colageno-e1772141501379.png\",\"contentUrl\":\"https:\\\/\\\/viusuplementos.com\\\/wp-content\\\/uploads\\\/2025\\\/11\\\/LOGOS-viu-colageno-e1772141501379.png\",\"width\":1578,\"height\":1028,\"caption\":\"VIU Colageno Alimentos HyH\"},\"image\":{\"@id\":\"https:\\\/\\\/viusuplementos.com\\\/#\\\/schema\\\/logo\\\/image\\\/\"}}]}<\/script>\n<!-- \/ Yoast SEO plugin. -->","yoast_head_json":{"title":"Terms and conditions - VIU Collagen HyH Foods","robots":{"index":"index","follow":"follow","max-snippet":"max-snippet:-1","max-image-preview":"max-image-preview:large","max-video-preview":"max-video-preview:-1"},"canonical":"https:\/\/viusuplementos.com\/en\/terms-and-conditions\/","og_locale":"en_US","og_type":"article","og_title":"T\u00e9rminos y condiciones - VIU Colageno Alimentos HyH","og_description":"T\u00e9rminos y condiciones El acceso y uso del sitio web de VIU Col\u00e1geno implica la aceptaci\u00f3n de los siguientes t\u00e9rminos y condiciones: 1. Uso del sitio El contenido del sitio es exclusivamente informativo. El usuario se compromete a hacer un uso adecuado del sitio y a no emplearlo para actividades il\u00edcitas o contrarias a la [&hellip;]","og_url":"https:\/\/viusuplementos.com\/en\/terms-and-conditions\/","og_site_name":"VIU Colageno Alimentos HyH","article_modified_time":"2026-02-17T16:14:05+00:00","twitter_card":"summary_large_image","twitter_misc":{"Est. reading time":"1 minute"},"schema":{"@context":"https:\/\/schema.org","@graph":[{"@type":"WebPage","@id":"https:\/\/viusuplementos.com\/terminos-y-condiciones\/","url":"https:\/\/viusuplementos.com\/terminos-y-condiciones\/","name":"Terms and conditions - VIU Collagen HyH Foods","isPartOf":{"@id":"https:\/\/viusuplementos.com\/#website"},"datePublished":"2026-02-17T15:55:58+00:00","dateModified":"2026-02-17T16:14:05+00:00","breadcrumb":{"@id":"https:\/\/viusuplementos.com\/terminos-y-condiciones\/#breadcrumb"},"inLanguage":"en-US","potentialAction":[{"@type":"ReadAction","target":["https:\/\/viusuplementos.com\/terminos-y-condiciones\/"]}]},{"@type":"BreadcrumbList","@id":"https:\/\/viusuplementos.com\/terminos-y-condiciones\/#breadcrumb","itemListElement":[{"@type":"ListItem","position":1,"name":"Home","item":"https:\/\/viusuplementos.com\/"},{"@type":"ListItem","position":2,"name":"T\u00e9rminos y condiciones"}]},{"@type":"WebSite","@id":"https:\/\/viusuplementos.com\/#website","url":"https:\/\/viusuplementos.com\/","name":"VIU Collagen Foods HyH","description":"VIU Collagen Foods HyH","publisher":{"@id":"https:\/\/viusuplementos.com\/#organization"},"potentialAction":[{"@type":"SearchAction","target":{"@type":"EntryPoint","urlTemplate":"https:\/\/viusuplementos.com\/?s={search_term_string}"},"query-input":{"@type":"PropertyValueSpecification","valueRequired":true,"valueName":"search_term_string"}}],"inLanguage":"en-US"},{"@type":"Organization","@id":"https:\/\/viusuplementos.com\/#organization","name":"VIU Collagen Foods HyH","url":"https:\/\/viusuplementos.com\/","logo":{"@type":"ImageObject","inLanguage":"en-US","@id":"https:\/\/viusuplementos.com\/#\/schema\/logo\/image\/","url":"https:\/\/viusuplementos.com\/wp-content\/uploads\/2025\/11\/LOGOS-viu-colageno-e1772141501379.png","contentUrl":"https:\/\/viusuplementos.com\/wp-content\/uploads\/2025\/11\/LOGOS-viu-colageno-e1772141501379.png","width":1578,"height":1028,"caption":"VIU Colageno Alimentos HyH"},"image":{"@id":"https:\/\/viusuplementos.com\/#\/schema\/logo\/image\/"}}]}},"_links":{"self":[{"href":"https:\/\/viusuplementos.com\/en\/wp-json\/wp\/v2\/pages\/820","targetHints":{"allow":["GET"]}}],"collection":[{"href":"https:\/\/viusuplementos.com\/en\/wp-json\/wp\/v2\/pages"}],"about":[{"href":"https:\/\/viusuplementos.com\/en\/wp-json\/wp\/v2\/types\/page"}],"author":[{"embeddable":true,"href":"https:\/\/viusuplementos.com\/en\/wp-json\/wp\/v2\/users\/9"}],"replies":[{"embeddable":true,"href":"https:\/\/viusuplementos.com\/en\/wp-json\/wp\/v2\/comments?post=820"}],"version-history":[{"count":5,"href":"https:\/\/viusuplementos.com\/en\/wp-json\/wp\/v2\/pages\/820\/revisions"}],"predecessor-version":[{"id":849,"href":"https:\/\/viusuplementos.com\/en\/wp-json\/wp\/v2\/pages\/820\/revisions\/849"}],"wp:attachment":[{"href":"https:\/\/viusuplementos.com\/en\/wp-json\/wp\/v2\/media?parent=820"}],"curies":[{"name":"wp","href":"https:\/\/api.w.org\/{rel}","templated":true}]}}