{"id":813,"date":"2026-02-17T09:45:16","date_gmt":"2026-02-17T15:45:16","guid":{"rendered":"https:\/\/viusuplementos.com\/?page_id=813"},"modified":"2026-02-17T10:13:37","modified_gmt":"2026-02-17T16:13:37","slug":"politica-de-privacidad","status":"publish","type":"page","link":"https:\/\/viusuplementos.com\/en\/politica-de-privacidad\/","title":{"rendered":"Privacy policy"},"content":{"rendered":"<div data-elementor-type=\"wp-page\" data-elementor-id=\"813\" class=\"elementor elementor-813\" data-elementor-post-type=\"page\">\n\t\t\t\t<div class=\"elementor-element elementor-element-6afbe93 e-flex e-con-boxed e-con e-parent\" data-id=\"6afbe93\" data-element_type=\"container\" data-e-type=\"container\" data-settings=\"{&quot;background_background&quot;:&quot;classic&quot;}\">\n\t\t\t\t\t<div class=\"e-con-inner\">\n\t\t\t\t<div class=\"elementor-element elementor-element-09475f3 elementor-widget elementor-widget-heading\" data-id=\"09475f3\" data-element_type=\"widget\" data-e-type=\"widget\" data-widget_type=\"heading.default\">\n\t\t\t\t\t<p class=\"elementor-heading-title elementor-size-default\">Privacy policy<\/p>\t\t\t\t<\/div>\n\t\t\t\t<div class=\"elementor-element elementor-element-1014292 elementor-widget elementor-widget-text-editor\" data-id=\"1014292\" data-element_type=\"widget\" data-e-type=\"widget\" data-widget_type=\"text-editor.default\">\n\t\t\t\t\t\t\t\t\t<p><span style=\"font-weight: 400;\">At VIU Collagen, we are committed to protecting the privacy of our users. This policy explains how we collect, use, and safeguard your personal information.<\/span><\/p><p><b>1. Data Collection<\/b><\/p><p><span style=\"font-weight: 400;\">We collect personal data such as name, email address, and phone number only when the user voluntarily provides it through contact forms or other means available on our website.<\/span><\/p><p><b>2. Use of Information<\/b><\/p><p><span style=\"font-weight: 400;\">The information collected is used exclusively to respond to inquiries, provide requested information, or improve our services.<\/span><\/p><p><b>3. Cookies<\/b><\/p><p><span style=\"font-weight: 400;\">This site may use cookies to enhance the user experience and analyze traffic. Users may configure their browser to reject cookies.<\/span><\/p><p><b>4. Data Protection<\/b><\/p><p><span style=\"font-weight: 400;\">We implement reasonable security measures to protect your information. We do not share, sell, or transfer personal data to third parties, except where required by law.<\/span><\/p><p><b>5. User Rights<\/b><\/p><p class=\"translation-block\">You have the right to access, rectify, or delete your personal data. You may exercise these rights by contacting us directly.<\/p><p><b>6. Changes to This Policy<\/b><\/p><p><span style=\"font-weight: 400;\">We reserve the right to modify this policy at any time. Any changes will be published on this same page.<\/span><\/p>\t\t\t\t\t\t\t\t<\/div>\n\t\t\t\t\t<\/div>\n\t\t\t\t<\/div>\n\t\t\t\t<\/div>","protected":false},"excerpt":{"rendered":"<p>Pol\u00edtica de privacidad En VIU Col\u00e1geno, nos comprometemos a proteger la privacidad de nuestros usuarios. Esta pol\u00edtica explica c\u00f3mo recopilamos, usamos y protegemos su informaci\u00f3n personal. 1. Recopilaci\u00f3n de datos Recopilamos datos personales como nombre, correo electr\u00f3nico y n\u00famero de tel\u00e9fono \u00fanicamente cuando el usuario los proporciona voluntariamente a trav\u00e9s de formularios de contacto u [&hellip;]<\/p>\n","protected":false},"author":9,"featured_media":0,"parent":0,"menu_order":0,"comment_status":"closed","ping_status":"closed","template":"elementor_header_footer","meta":{"footnotes":""},"class_list":["post-813","page","type-page","status-publish","hentry"],"yoast_head":"<!-- This site is optimized with the Yoast SEO plugin v27.3 - https:\/\/yoast.com\/product\/yoast-seo-wordpress\/ -->\n<title>Pol\u00edtica de privacidad - VIU Colageno Alimentos HyH<\/title>\n<meta name=\"robots\" content=\"index, follow, max-snippet:-1, max-image-preview:large, max-video-preview:-1\" \/>\n<link rel=\"canonical\" href=\"https:\/\/viusuplementos.com\/en\/politica-de-privacidad\/\" \/>\n<meta property=\"og:locale\" content=\"en_US\" \/>\n<meta property=\"og:type\" content=\"article\" \/>\n<meta property=\"og:title\" content=\"Pol\u00edtica de privacidad - VIU Colageno Alimentos HyH\" \/>\n<meta property=\"og:description\" content=\"Pol\u00edtica de privacidad En VIU Col\u00e1geno, nos comprometemos a proteger la privacidad de nuestros usuarios. Esta pol\u00edtica explica c\u00f3mo recopilamos, usamos y protegemos su informaci\u00f3n personal. 1. Recopilaci\u00f3n de datos Recopilamos datos personales como nombre, correo electr\u00f3nico y n\u00famero de tel\u00e9fono \u00fanicamente cuando el usuario los proporciona voluntariamente a trav\u00e9s de formularios de contacto u [&hellip;]\" \/>\n<meta property=\"og:url\" content=\"https:\/\/viusuplementos.com\/en\/politica-de-privacidad\/\" \/>\n<meta property=\"og:site_name\" content=\"VIU Colageno Alimentos HyH\" \/>\n<meta property=\"article:modified_time\" content=\"2026-02-17T16:13:37+00:00\" \/>\n<meta name=\"twitter:card\" content=\"summary_large_image\" \/>\n<meta name=\"twitter:label1\" content=\"Est. reading time\" \/>\n\t<meta name=\"twitter:data1\" content=\"1 minute\" \/>\n<script type=\"application\/ld+json\" class=\"yoast-schema-graph\">{\"@context\":\"https:\\\/\\\/schema.org\",\"@graph\":[{\"@type\":\"WebPage\",\"@id\":\"https:\\\/\\\/viusuplementos.com\\\/politica-de-privacidad\\\/\",\"url\":\"https:\\\/\\\/viusuplementos.com\\\/politica-de-privacidad\\\/\",\"name\":\"Pol\u00edtica de privacidad - VIU Colageno Alimentos HyH\",\"isPartOf\":{\"@id\":\"https:\\\/\\\/viusuplementos.com\\\/#website\"},\"datePublished\":\"2026-02-17T15:45:16+00:00\",\"dateModified\":\"2026-02-17T16:13:37+00:00\",\"breadcrumb\":{\"@id\":\"https:\\\/\\\/viusuplementos.com\\\/politica-de-privacidad\\\/#breadcrumb\"},\"inLanguage\":\"en-US\",\"potentialAction\":[{\"@type\":\"ReadAction\",\"target\":[\"https:\\\/\\\/viusuplementos.com\\\/politica-de-privacidad\\\/\"]}]},{\"@type\":\"BreadcrumbList\",\"@id\":\"https:\\\/\\\/viusuplementos.com\\\/politica-de-privacidad\\\/#breadcrumb\",\"itemListElement\":[{\"@type\":\"ListItem\",\"position\":1,\"name\":\"Home\",\"item\":\"https:\\\/\\\/viusuplementos.com\\\/\"},{\"@type\":\"ListItem\",\"position\":2,\"name\":\"Pol\u00edtica de privacidad\"}]},{\"@type\":\"WebSite\",\"@id\":\"https:\\\/\\\/viusuplementos.com\\\/#website\",\"url\":\"https:\\\/\\\/viusuplementos.com\\\/\",\"name\":\"VIU Colageno Alimentos HyH\",\"description\":\"VIU Colageno Alimentos HyH\",\"publisher\":{\"@id\":\"https:\\\/\\\/viusuplementos.com\\\/#organization\"},\"potentialAction\":[{\"@type\":\"SearchAction\",\"target\":{\"@type\":\"EntryPoint\",\"urlTemplate\":\"https:\\\/\\\/viusuplementos.com\\\/?s={search_term_string}\"},\"query-input\":{\"@type\":\"PropertyValueSpecification\",\"valueRequired\":true,\"valueName\":\"search_term_string\"}}],\"inLanguage\":\"en-US\"},{\"@type\":\"Organization\",\"@id\":\"https:\\\/\\\/viusuplementos.com\\\/#organization\",\"name\":\"VIU Colageno Alimentos HyH\",\"url\":\"https:\\\/\\\/viusuplementos.com\\\/\",\"logo\":{\"@type\":\"ImageObject\",\"inLanguage\":\"en-US\",\"@id\":\"https:\\\/\\\/viusuplementos.com\\\/#\\\/schema\\\/logo\\\/image\\\/\",\"url\":\"https:\\\/\\\/viusuplementos.com\\\/wp-content\\\/uploads\\\/2025\\\/11\\\/LOGOS-viu-colageno-e1772141501379.png\",\"contentUrl\":\"https:\\\/\\\/viusuplementos.com\\\/wp-content\\\/uploads\\\/2025\\\/11\\\/LOGOS-viu-colageno-e1772141501379.png\",\"width\":1578,\"height\":1028,\"caption\":\"VIU Colageno Alimentos HyH\"},\"image\":{\"@id\":\"https:\\\/\\\/viusuplementos.com\\\/#\\\/schema\\\/logo\\\/image\\\/\"}}]}<\/script>\n<!-- \/ Yoast SEO plugin. -->","yoast_head_json":{"title":"Privacy Policy - VIU Collagen HyH Foods","robots":{"index":"index","follow":"follow","max-snippet":"max-snippet:-1","max-image-preview":"max-image-preview:large","max-video-preview":"max-video-preview:-1"},"canonical":"https:\/\/viusuplementos.com\/en\/politica-de-privacidad\/","og_locale":"en_US","og_type":"article","og_title":"Pol\u00edtica de privacidad - VIU Colageno Alimentos HyH","og_description":"Pol\u00edtica de privacidad En VIU Col\u00e1geno, nos comprometemos a proteger la privacidad de nuestros usuarios. Esta pol\u00edtica explica c\u00f3mo recopilamos, usamos y protegemos su informaci\u00f3n personal. 1. Recopilaci\u00f3n de datos Recopilamos datos personales como nombre, correo electr\u00f3nico y n\u00famero de tel\u00e9fono \u00fanicamente cuando el usuario los proporciona voluntariamente a trav\u00e9s de formularios de contacto u [&hellip;]","og_url":"https:\/\/viusuplementos.com\/en\/politica-de-privacidad\/","og_site_name":"VIU Colageno Alimentos HyH","article_modified_time":"2026-02-17T16:13:37+00:00","twitter_card":"summary_large_image","twitter_misc":{"Est. reading time":"1 minute"},"schema":{"@context":"https:\/\/schema.org","@graph":[{"@type":"WebPage","@id":"https:\/\/viusuplementos.com\/politica-de-privacidad\/","url":"https:\/\/viusuplementos.com\/politica-de-privacidad\/","name":"Privacy Policy - VIU Collagen HyH Foods","isPartOf":{"@id":"https:\/\/viusuplementos.com\/#website"},"datePublished":"2026-02-17T15:45:16+00:00","dateModified":"2026-02-17T16:13:37+00:00","breadcrumb":{"@id":"https:\/\/viusuplementos.com\/politica-de-privacidad\/#breadcrumb"},"inLanguage":"en-US","potentialAction":[{"@type":"ReadAction","target":["https:\/\/viusuplementos.com\/politica-de-privacidad\/"]}]},{"@type":"BreadcrumbList","@id":"https:\/\/viusuplementos.com\/politica-de-privacidad\/#breadcrumb","itemListElement":[{"@type":"ListItem","position":1,"name":"Home","item":"https:\/\/viusuplementos.com\/"},{"@type":"ListItem","position":2,"name":"Pol\u00edtica de privacidad"}]},{"@type":"WebSite","@id":"https:\/\/viusuplementos.com\/#website","url":"https:\/\/viusuplementos.com\/","name":"VIU Collagen Foods HyH","description":"VIU Collagen Foods HyH","publisher":{"@id":"https:\/\/viusuplementos.com\/#organization"},"potentialAction":[{"@type":"SearchAction","target":{"@type":"EntryPoint","urlTemplate":"https:\/\/viusuplementos.com\/?s={search_term_string}"},"query-input":{"@type":"PropertyValueSpecification","valueRequired":true,"valueName":"search_term_string"}}],"inLanguage":"en-US"},{"@type":"Organization","@id":"https:\/\/viusuplementos.com\/#organization","name":"VIU Collagen Foods HyH","url":"https:\/\/viusuplementos.com\/","logo":{"@type":"ImageObject","inLanguage":"en-US","@id":"https:\/\/viusuplementos.com\/#\/schema\/logo\/image\/","url":"https:\/\/viusuplementos.com\/wp-content\/uploads\/2025\/11\/LOGOS-viu-colageno-e1772141501379.png","contentUrl":"https:\/\/viusuplementos.com\/wp-content\/uploads\/2025\/11\/LOGOS-viu-colageno-e1772141501379.png","width":1578,"height":1028,"caption":"VIU Colageno Alimentos HyH"},"image":{"@id":"https:\/\/viusuplementos.com\/#\/schema\/logo\/image\/"}}]}},"_links":{"self":[{"href":"https:\/\/viusuplementos.com\/en\/wp-json\/wp\/v2\/pages\/813","targetHints":{"allow":["GET"]}}],"collection":[{"href":"https:\/\/viusuplementos.com\/en\/wp-json\/wp\/v2\/pages"}],"about":[{"href":"https:\/\/viusuplementos.com\/en\/wp-json\/wp\/v2\/types\/page"}],"author":[{"embeddable":true,"href":"https:\/\/viusuplementos.com\/en\/wp-json\/wp\/v2\/users\/9"}],"replies":[{"embeddable":true,"href":"https:\/\/viusuplementos.com\/en\/wp-json\/wp\/v2\/comments?post=813"}],"version-history":[{"count":5,"href":"https:\/\/viusuplementos.com\/en\/wp-json\/wp\/v2\/pages\/813\/revisions"}],"predecessor-version":[{"id":846,"href":"https:\/\/viusuplementos.com\/en\/wp-json\/wp\/v2\/pages\/813\/revisions\/846"}],"wp:attachment":[{"href":"https:\/\/viusuplementos.com\/en\/wp-json\/wp\/v2\/media?parent=813"}],"curies":[{"name":"wp","href":"https:\/\/api.w.org\/{rel}","templated":true}]}}